{"id":1544,"date":"2026-01-15T10:54:51","date_gmt":"2026-01-15T10:54:51","guid":{"rendered":"https:\/\/www.cellinifirenze.edu.it\/?page_id=1544"},"modified":"2026-02-25T11:21:29","modified_gmt":"2026-02-25T11:21:29","slug":"erasmus","status":"publish","type":"page","link":"https:\/\/www.cellinifirenze.edu.it\/index.php\/erasmus\/","title":{"rendered":"Erasmus +"},"content":{"rendered":"<p>Da diversi anni siamo un partner Erasmus+ attivo in progetti di paternariato che coinvolgono scuole in diverse parti d\u2019Europa. Inoltre dal 2024 abbiamo attivato una collaborazione (un accordo d&#8217;intenti) nell&#8217;ambito del progetto di mobilit\u00e0 del Consorzio degli Istituti Professionali, per l\u2019invio di studenti all\u2019estero, all\u2019interno del programma Erasmus+.<\/p>\n<p>&nbsp;<\/p>\n<h3><a href=\"http:\/\/www.consorzioprofessionali.it\">VETMOB 2 Progetto di mobilit\u00e0 VET studenti<\/a><br \/>\n<a href=\"http:\/\/www.consorzioprofessionali.it\">(n\u00b0 N. 2024-1-IT01-KA121-VET-000203481)<\/a><\/h3>\n<p><a href=\"https:\/\/www.cellinifirenze.edu.it\/wp-content\/uploads\/2026\/01\/Ingresso-Tornabuoni.webp\"><img loading=\"lazy\" decoding=\"async\" class=\"alignleft wp-image-1749\" src=\"https:\/\/www.cellinifirenze.edu.it\/wp-content\/uploads\/2026\/01\/Ingresso-Tornabuoni-300x225.webp\" alt=\"Ingresso Tornabuoni\" width=\"368\" height=\"276\" srcset=\"https:\/\/www.cellinifirenze.edu.it\/wp-content\/uploads\/2026\/01\/Ingresso-Tornabuoni-300x225.webp 300w, https:\/\/www.cellinifirenze.edu.it\/wp-content\/uploads\/2026\/01\/Ingresso-Tornabuoni-768x576.webp 768w, https:\/\/www.cellinifirenze.edu.it\/wp-content\/uploads\/2026\/01\/Ingresso-Tornabuoni-333x250.webp 333w, https:\/\/www.cellinifirenze.edu.it\/wp-content\/uploads\/2026\/01\/Ingresso-Tornabuoni.webp 1024w\" sizes=\"auto, (max-width: 368px) 100vw, 368px\" \/><\/a>Il progetto organizzato dal Consorzio degli Istituti Professionali (a cui l\u2019istituto \u201cCellini\u201d aderisce) rientra nei progetti Erasmus +, che \u00e8 il Programma dell\u2019Unione europea nei settori dell\u2019Istruzione, della Formazione, della Giovent\u00f9 e dello Sport, per il periodo 2021-2027. Il programma promuove l\u2019Istruzione e la formazione inclusive e di alta qualit\u00e0, per permettere ai partecipanti di tutte le et\u00e0 di raggiungere le QUALIFICHE e le COMPETENZE NECESSARIE per una partecipazione attiva alla societ\u00e0 democratica, una reale comprensione interculturale e la transizione verso il mercato del lavoro.<\/p>\n<p><a href=\"https:\/\/www.cellinifirenze.edu.it\/wp-content\/uploads\/2026\/02\/VET2MOB-eu-funded.webp\"><img loading=\"lazy\" decoding=\"async\" class=\"aligncenter wp-image-1790\" src=\"https:\/\/www.cellinifirenze.edu.it\/wp-content\/uploads\/2026\/02\/VET2MOB-eu-funded-300x114.webp\" alt=\"VET2MOB eu funded\" width=\"140\" height=\"53\" srcset=\"https:\/\/www.cellinifirenze.edu.it\/wp-content\/uploads\/2026\/02\/VET2MOB-eu-funded-300x114.webp 300w, https:\/\/www.cellinifirenze.edu.it\/wp-content\/uploads\/2026\/02\/VET2MOB-eu-funded-1024x389.webp 1024w, https:\/\/www.cellinifirenze.edu.it\/wp-content\/uploads\/2026\/02\/VET2MOB-eu-funded-768x292.webp 768w, https:\/\/www.cellinifirenze.edu.it\/wp-content\/uploads\/2026\/02\/VET2MOB-eu-funded-600x228.webp 600w, https:\/\/www.cellinifirenze.edu.it\/wp-content\/uploads\/2026\/02\/VET2MOB-eu-funded.webp 1206w\" sizes=\"auto, (max-width: 140px) 100vw, 140px\" \/><\/a><\/p>\n<p>&nbsp;<\/p>\n<p>&nbsp;<\/p>\n<h3><\/h3>\n<h3><\/h3>\n<h3><a href=\"http:\/\/seisc.eu\">Progetto SEiSC<\/a><\/h3>\n<p style=\"text-align: left;\"><a href=\"https:\/\/www.cellinifirenze.edu.it\/wp-content\/uploads\/2026\/01\/file.webp\"><img loading=\"lazy\" decoding=\"async\" class=\"alignleft wp-image-1735\" src=\"https:\/\/www.cellinifirenze.edu.it\/wp-content\/uploads\/2026\/01\/file-1024x658.webp\" alt=\"Fashion is your business 1\" width=\"368\" height=\"236\" srcset=\"https:\/\/www.cellinifirenze.edu.it\/wp-content\/uploads\/2026\/01\/file-1024x658.webp 1024w, https:\/\/www.cellinifirenze.edu.it\/wp-content\/uploads\/2026\/01\/file-300x193.webp 300w, https:\/\/www.cellinifirenze.edu.it\/wp-content\/uploads\/2026\/01\/file-768x493.webp 768w, https:\/\/www.cellinifirenze.edu.it\/wp-content\/uploads\/2026\/01\/file-1536x987.webp 1536w, https:\/\/www.cellinifirenze.edu.it\/wp-content\/uploads\/2026\/01\/file-389x250.webp 389w, https:\/\/www.cellinifirenze.edu.it\/wp-content\/uploads\/2026\/01\/file.webp 1616w\" sizes=\"auto, (max-width: 368px) 100vw, 368px\" \/><\/a><\/p>\n<p><span data-teams=\"true\">Il progetto di partenariato Erasmus+ Sustainable Entrepreneurship in Smart Clothing (SEiSC) ha iniziato le sue operazioni il 1 novembre 2023. Il coordinamento del progetto \u00e8 affidato alla scuola finladese LHKK e coinvolge scuole e partners provenienti da diversi paesi tra cui Italia, Spagna, Bulgaria, Turchia, Irlanda e Finlandia. <\/span>L\u2019obiettvo del progetto \u00e8 rafforzare la capacit\u00e0 degli studenti di istruzione e formazione professionale di insegnare agli studenti una mentalit\u00e0 sostenibile e imprenditoriale per migliorare le loro opportunit\u00e0 di lavoro e lo sviluppo della carriera.<\/p>\n<p><a href=\"http:\/\/seisc.eu\"><img loading=\"lazy\" decoding=\"async\" class=\"wp-image-1744 aligncenter\" src=\"https:\/\/www.cellinifirenze.edu.it\/wp-content\/uploads\/2026\/01\/Loghi-pagina-SEiSC-2-300x72.webp\" alt=\"Loghi pagina SEiSC 2\" width=\"300\" height=\"72\" srcset=\"https:\/\/www.cellinifirenze.edu.it\/wp-content\/uploads\/2026\/01\/Loghi-pagina-SEiSC-2-300x72.webp 300w, https:\/\/www.cellinifirenze.edu.it\/wp-content\/uploads\/2026\/01\/Loghi-pagina-SEiSC-2-1024x244.webp 1024w, https:\/\/www.cellinifirenze.edu.it\/wp-content\/uploads\/2026\/01\/Loghi-pagina-SEiSC-2-768x183.webp 768w, https:\/\/www.cellinifirenze.edu.it\/wp-content\/uploads\/2026\/01\/Loghi-pagina-SEiSC-2-1536x366.webp 1536w, https:\/\/www.cellinifirenze.edu.it\/wp-content\/uploads\/2026\/01\/Loghi-pagina-SEiSC-2-600x143.webp 600w, https:\/\/www.cellinifirenze.edu.it\/wp-content\/uploads\/2026\/01\/Loghi-pagina-SEiSC-2.webp 1643w\" sizes=\"auto, (max-width: 300px) 100vw, 300px\" \/><\/a><\/p>\n<p>&nbsp;<\/p>\n<h3><\/h3>\n<h3><a href=\"http:\/\/www.bgbproject.eu\">Progetto BGBiVET <\/a><\/h3>\n<p><a href=\"https:\/\/www.cellinifirenze.edu.it\/wp-content\/uploads\/2026\/02\/file.webp\"><img loading=\"lazy\" decoding=\"async\" class=\"alignleft wp-image-1805\" src=\"https:\/\/www.cellinifirenze.edu.it\/wp-content\/uploads\/2026\/02\/file-300x193.webp\" alt=\"\" width=\"368\" height=\"236\" srcset=\"https:\/\/www.cellinifirenze.edu.it\/wp-content\/uploads\/2026\/02\/file-300x193.webp 300w, https:\/\/www.cellinifirenze.edu.it\/wp-content\/uploads\/2026\/02\/file-1024x658.webp 1024w, https:\/\/www.cellinifirenze.edu.it\/wp-content\/uploads\/2026\/02\/file-768x493.webp 768w, https:\/\/www.cellinifirenze.edu.it\/wp-content\/uploads\/2026\/02\/file-1536x987.webp 1536w, https:\/\/www.cellinifirenze.edu.it\/wp-content\/uploads\/2026\/02\/file-389x250.webp 389w, https:\/\/www.cellinifirenze.edu.it\/wp-content\/uploads\/2026\/02\/file.webp 1616w\" sizes=\"auto, (max-width: 368px) 100vw, 368px\" \/><\/a><\/p>\n<p><span data-teams=\"true\">Il progetto di partenariato Erasmus+ Breaking Gender Bias in VET (BGBiVET) ha iniziato le sue operazioni il 1 dicembre 2025. Il coordinamento del progetto \u00e8 affidato alla Teachers&#8217; Union of Ireland (TUI) e coinvolge scuole e partners provenienti da diversi paesi tra cui Italia, Bulgaria, Turchia, Svezia, Finlandia e Irlanda. <\/span>Il progetto mira a supportare la trasformazione degli istituti di istruzione e formazione professionale europei nella parit\u00e0 di genere, fornendo strumenti sistematici per lo sviluppo e l&#8217;attuazione di Piani per la Parit\u00e0 di Genere (GEP) e implementando una piattaforma di simulazione virtuale basata sull&#8217;intelligenza artificiale, progettata eticamente, per l&#8217;apprendimento esperienziale sui pregiudizi di genere.<\/p>\n<p><a href=\"http:\/\/www.bgbproject.eu\"><img loading=\"lazy\" decoding=\"async\" class=\"aligncenter wp-image-1746\" src=\"https:\/\/www.cellinifirenze.edu.it\/wp-content\/uploads\/2026\/01\/Loghi-per-bgbivet-300x92.webp\" alt=\"Loghi per bgbivet\" width=\"248\" height=\"76\" srcset=\"https:\/\/www.cellinifirenze.edu.it\/wp-content\/uploads\/2026\/01\/Loghi-per-bgbivet-300x92.webp 300w, https:\/\/www.cellinifirenze.edu.it\/wp-content\/uploads\/2026\/01\/Loghi-per-bgbivet-1024x313.webp 1024w, https:\/\/www.cellinifirenze.edu.it\/wp-content\/uploads\/2026\/01\/Loghi-per-bgbivet-768x235.webp 768w, https:\/\/www.cellinifirenze.edu.it\/wp-content\/uploads\/2026\/01\/Loghi-per-bgbivet-1536x470.webp 1536w, https:\/\/www.cellinifirenze.edu.it\/wp-content\/uploads\/2026\/01\/Loghi-per-bgbivet-600x183.webp 600w, https:\/\/www.cellinifirenze.edu.it\/wp-content\/uploads\/2026\/01\/Loghi-per-bgbivet.webp 1861w\" sizes=\"auto, (max-width: 248px) 100vw, 248px\" \/><\/a><\/p>\n<p>&nbsp;<\/p>\n<p>&nbsp;<\/p>\n","protected":false},"excerpt":{"rendered":"<p>Da diversi anni siamo un partner Erasmus+ attivo in progetti di paternariato che coinvolgono scuole in diverse parti d\u2019Europa. Inoltre dal 2024 abbiamo attivato una collaborazione (un accordo d&#8217;intenti) nell&#8217;ambito del progetto di mobilit\u00e0 del Consorzio [&hellip;]<\/p>\n","protected":false},"author":13,"featured_media":0,"parent":0,"menu_order":0,"comment_status":"closed","ping_status":"closed","template":"","meta":{"footnotes":""},"tags":[],"class_list":["post-1544","page","type-page","status-publish","hentry"],"_links":{"self":[{"href":"https:\/\/www.cellinifirenze.edu.it\/index.php\/wp-json\/wp\/v2\/pages\/1544","targetHints":{"allow":["GET"]}}],"collection":[{"href":"https:\/\/www.cellinifirenze.edu.it\/index.php\/wp-json\/wp\/v2\/pages"}],"about":[{"href":"https:\/\/www.cellinifirenze.edu.it\/index.php\/wp-json\/wp\/v2\/types\/page"}],"author":[{"embeddable":true,"href":"https:\/\/www.cellinifirenze.edu.it\/index.php\/wp-json\/wp\/v2\/users\/13"}],"replies":[{"embeddable":true,"href":"https:\/\/www.cellinifirenze.edu.it\/index.php\/wp-json\/wp\/v2\/comments?post=1544"}],"version-history":[{"count":32,"href":"https:\/\/www.cellinifirenze.edu.it\/index.php\/wp-json\/wp\/v2\/pages\/1544\/revisions"}],"predecessor-version":[{"id":1810,"href":"https:\/\/www.cellinifirenze.edu.it\/index.php\/wp-json\/wp\/v2\/pages\/1544\/revisions\/1810"}],"wp:attachment":[{"href":"https:\/\/www.cellinifirenze.edu.it\/index.php\/wp-json\/wp\/v2\/media?parent=1544"}],"wp:term":[{"taxonomy":"post_tag","embeddable":true,"href":"https:\/\/www.cellinifirenze.edu.it\/index.php\/wp-json\/wp\/v2\/tags?post=1544"}],"curies":[{"name":"wp","href":"https:\/\/api.w.org\/{rel}","templated":true}]}}