{"id":407,"date":"2024-06-27T09:20:11","date_gmt":"2024-06-27T09:20:11","guid":{"rendered":"https:\/\/www.cellinifirenze.edu.it\/?page_id=407"},"modified":"2024-09-13T08:01:53","modified_gmt":"2024-09-13T08:01:53","slug":"argo","status":"publish","type":"page","link":"https:\/\/www.cellinifirenze.edu.it\/index.php\/argo\/","title":{"rendered":"ARGO"},"content":{"rendered":"<h2 style=\"text-align: center;\">Servizi Argo<\/h2>\n<h3>Argo Famiglia<\/h3>\n<p><a href=\"https:\/\/www.argofamiglia.it\/\"><img loading=\"lazy\" decoding=\"async\" class=\"alignleft wp-image-411 size-thumbnail\" src=\"https:\/\/www.cellinifirenze.edu.it\/wp-content\/uploads\/2024\/06\/ARGO-famiglia-150x150.webp\" alt=\"ARGO famiglia\" width=\"150\" height=\"150\" srcset=\"https:\/\/www.cellinifirenze.edu.it\/wp-content\/uploads\/2024\/06\/ARGO-famiglia-150x150.webp 150w, https:\/\/www.cellinifirenze.edu.it\/wp-content\/uploads\/2024\/06\/ARGO-famiglia-280x280.webp 280w, https:\/\/www.cellinifirenze.edu.it\/wp-content\/uploads\/2024\/06\/ARGO-famiglia-250x250.webp 250w, https:\/\/www.cellinifirenze.edu.it\/wp-content\/uploads\/2024\/06\/ARGO-famiglia.webp 300w\" sizes=\"auto, (max-width: 150px) 100vw, 150px\" \/><\/a><\/p>\n<p>&nbsp;<\/p>\n<p>Il Registro Elettronico Argo Famiglia \u00e8 la piattaforma cloud in cui \u00e8 possibile prendere visione dell\u2019attivit\u00e0 scolastica degli alunni (circolari, compiti, lezioni, assenze, voti, ecc). Si pu\u00f2 accedere alla piattaforma sia tramite Browser che tramite App.<\/p>\n<p><a href=\"https:\/\/www.argofamiglia.it\/\"><strong>Vai al registro<\/strong><\/a><\/p>\n<p>&nbsp;<\/p>\n<p>&nbsp;<\/p>\n<h3>Argo didUP<\/h3>\n<p><a href=\"https:\/\/www.portaleargo.it\/voti\/\"><img loading=\"lazy\" decoding=\"async\" class=\"wp-image-415 size-thumbnail alignleft\" src=\"https:\/\/www.cellinifirenze.edu.it\/wp-content\/uploads\/2024\/06\/ARGO-Didup-150x150.webp\" alt=\"Argo didUP\" width=\"150\" height=\"150\" srcset=\"https:\/\/www.cellinifirenze.edu.it\/wp-content\/uploads\/2024\/06\/ARGO-Didup-150x150.webp 150w, https:\/\/www.cellinifirenze.edu.it\/wp-content\/uploads\/2024\/06\/ARGO-Didup-280x280.webp 280w, https:\/\/www.cellinifirenze.edu.it\/wp-content\/uploads\/2024\/06\/ARGO-Didup-250x250.webp 250w, https:\/\/www.cellinifirenze.edu.it\/wp-content\/uploads\/2024\/06\/ARGO-Didup.webp 300w\" sizes=\"auto, (max-width: 150px) 100vw, 150px\" \/><\/a><\/p>\n<p>La nuova applicazione DidUp \u00e8 pensata per fornire al docente un accesso rapido e diretto alle funzionalit\u00e0 utili alla gestione della classe. Si pu\u00f2 considerare un sottoinsieme delle funzioni disponibili sull\u2019accesso docente di Scuolanext, con cui condivide le credenziali d\u2019accesso e l\u2019abilitazione tramite gestione degli utenti del Portale Argo.<\/p>\n<p><strong><a href=\"https:\/\/www.portaleargo.it\/voti\/\">Vai al registro<\/a><\/strong><\/p>\n","protected":false},"excerpt":{"rendered":"<p>Servizi Argo Argo Famiglia &nbsp; Il Registro Elettronico Argo Famiglia \u00e8 la piattaforma cloud in cui \u00e8 possibile prendere visione dell\u2019attivit\u00e0 scolastica degli alunni (circolari, compiti, lezioni, assenze, voti, ecc). Si pu\u00f2 accedere alla piattaforma sia [&hellip;]<\/p>\n","protected":false},"author":13,"featured_media":861,"parent":0,"menu_order":0,"comment_status":"closed","ping_status":"closed","template":"","meta":{"footnotes":""},"tags":[322,353,384],"class_list":["post-407","page","type-page","status-publish","has-post-thumbnail","hentry","tag-alunni","tag-insegnanti","tag-registro-elettronico"],"_links":{"self":[{"href":"https:\/\/www.cellinifirenze.edu.it\/index.php\/wp-json\/wp\/v2\/pages\/407","targetHints":{"allow":["GET"]}}],"collection":[{"href":"https:\/\/www.cellinifirenze.edu.it\/index.php\/wp-json\/wp\/v2\/pages"}],"about":[{"href":"https:\/\/www.cellinifirenze.edu.it\/index.php\/wp-json\/wp\/v2\/types\/page"}],"author":[{"embeddable":true,"href":"https:\/\/www.cellinifirenze.edu.it\/index.php\/wp-json\/wp\/v2\/users\/13"}],"replies":[{"embeddable":true,"href":"https:\/\/www.cellinifirenze.edu.it\/index.php\/wp-json\/wp\/v2\/comments?post=407"}],"version-history":[{"count":6,"href":"https:\/\/www.cellinifirenze.edu.it\/index.php\/wp-json\/wp\/v2\/pages\/407\/revisions"}],"predecessor-version":[{"id":416,"href":"https:\/\/www.cellinifirenze.edu.it\/index.php\/wp-json\/wp\/v2\/pages\/407\/revisions\/416"}],"wp:featuredmedia":[{"embeddable":true,"href":"https:\/\/www.cellinifirenze.edu.it\/index.php\/wp-json\/wp\/v2\/media\/861"}],"wp:attachment":[{"href":"https:\/\/www.cellinifirenze.edu.it\/index.php\/wp-json\/wp\/v2\/media?parent=407"}],"wp:term":[{"taxonomy":"post_tag","embeddable":true,"href":"https:\/\/www.cellinifirenze.edu.it\/index.php\/wp-json\/wp\/v2\/tags?post=407"}],"curies":[{"name":"wp","href":"https:\/\/api.w.org\/{rel}","templated":true}]}}