{"id":435,"date":"2024-07-09T11:37:23","date_gmt":"2024-07-09T11:37:23","guid":{"rendered":"https:\/\/www.cellinifirenze.edu.it\/?page_id=435"},"modified":"2025-09-12T08:20:56","modified_gmt":"2025-09-12T08:20:56","slug":"p-n-r-r-scuola-futura","status":"publish","type":"page","link":"https:\/\/www.cellinifirenze.edu.it\/index.php\/p-n-r-r-scuola-futura\/","title":{"rendered":"P.N.R.R Scuola Futura"},"content":{"rendered":"<p><img loading=\"lazy\" decoding=\"async\" class=\"aligncenter wp-image-472 size-large\" src=\"https:\/\/www.cellinifirenze.edu.it\/wp-content\/uploads\/2024\/07\/Banner-Futura-PNRR-1024x203.webp\" alt=\"Banner Futura PNRR\" width=\"1024\" height=\"203\" srcset=\"https:\/\/www.cellinifirenze.edu.it\/wp-content\/uploads\/2024\/07\/Banner-Futura-PNRR-1024x203.webp 1024w, https:\/\/www.cellinifirenze.edu.it\/wp-content\/uploads\/2024\/07\/Banner-Futura-PNRR-300x59.webp 300w, https:\/\/www.cellinifirenze.edu.it\/wp-content\/uploads\/2024\/07\/Banner-Futura-PNRR-768x152.webp 768w, https:\/\/www.cellinifirenze.edu.it\/wp-content\/uploads\/2024\/07\/Banner-Futura-PNRR-1536x305.webp 1536w, https:\/\/www.cellinifirenze.edu.it\/wp-content\/uploads\/2024\/07\/Banner-Futura-PNRR-600x119.webp 600w, https:\/\/www.cellinifirenze.edu.it\/wp-content\/uploads\/2024\/07\/Banner-Futura-PNRR.webp 2048w\" sizes=\"auto, (max-width: 1024px) 100vw, 1024px\" \/><\/p>\n<p>&nbsp;<\/p>\n<h2>PNRR &#8211; Formazione del personale scolastico per la transizione digitale nelle scuole statali (D.M. 66\/2023) CUP E14D23004560006<\/h2>\n<p><a href=\"https:\/\/www.cellinifirenze.edu.it\/wp-content\/uploads\/2024\/11\/Delibera-32-del-2-ottobre-2024-signed.pdf\">Approvazione del piano di utilizzo delle risorse a costi indiretti del progetto Cellini.digit CUP E14D23004560006 e autorizzazione allo svolgimento dell\u2019incarico di Project manager al dirigente scolastico<\/a>.<\/p>\n<h3>I percorsi formativi attivati sono:<\/h3>\n<p><a href=\"https:\/\/www.cellinifirenze.edu.it\/index.php\/evento\/laboratorio-di-formazione-sul-campo-tecniche-di-stampa-digitale\/\">Laboratorio di formazione sul campo \u2013 Tecniche di stampa digitale<\/a><\/p>\n<p><a href=\"https:\/\/www.cellinifirenze.edu.it\/index.php\/evento\/laboratorio-di-formazione-sul-campo-macchine-cnc\/\">Laboratorio di formazione sul campo \u2013 Macchine CNC<\/a><\/p>\n<p><a href=\"https:\/\/www.cellinifirenze.edu.it\/index.php\/evento\/laboratorio-di-formazione-sul-campo-creazione-di-un-sito-web\/\">Laboratorio di formazione sul campo &#8211; Creazione di un sito web<\/a><\/p>\n<p><a href=\"https:\/\/www.cellinifirenze.edu.it\/index.php\/evento\/laboratorio-di-formazione-sul-campo-animazione-digitale-1\/\">Laboratorio di formazione sul campo &#8211; Animazione digitale 1<\/a><\/p>\n<p><a href=\"https:\/\/www.cellinifirenze.edu.it\/index.php\/evento\/laboratorio-di-formazione-sul-campo-animazione-digitale-2\/\">Laboratorio di formazione sul campo &#8211; Animazione digitale 2<\/a><\/p>\n<p><a href=\"https:\/\/www.cellinifirenze.edu.it\/index.php\/evento\/laboratorio-di-formazione-sul-campo-solidcam\/\">Laboratorio di formazione sul campo \u2013 SolidCAM<\/a><\/p>\n<p><a href=\"https:\/\/www.cellinifirenze.edu.it\/index.php\/evento\/laboratorio-di-formazione-sul-campo-ecdl-1\/\">Laboratorio di formazione sul campo \u2013 ECDL 1<\/a><\/p>\n<p><a href=\"https:\/\/www.cellinifirenze.edu.it\/index.php\/evento\/laboratorio-di-formazione-sul-campo-cad-lectra-modaris-modulo-1\/\">Laboratorio di formazione sul campo \u2013 CAD LECTRA MODARIS Modulo 1<\/a><\/p>\n<p><a href=\"https:\/\/www.cellinifirenze.edu.it\/index.php\/evento\/laboratorio-di-formazione-sul-campo-stampa-3d\/\">Laboratorio di formazione sul campo \u2013 Stampa 3D<\/a><\/p>\n<p><a href=\"https:\/\/www.cellinifirenze.edu.it\/index.php\/evento\/laboratorio-di-formazione-sul-campo-solidworks\/\">Laboratorio di formazione sul campo \u2013 SolidWorks<\/a><\/p>\n<p><a href=\"https:\/\/www.cellinifirenze.edu.it\/index.php\/evento\/laboratorio-di-formazione-sul-campo-automazioni-pratiche-con-plc\/\">Laboratorio di formazione sul campo \u2013 Automazioni pratiche con PLC<\/a><\/p>\n<hr \/>\n<h2>Piano Scuola 4.0 &#8211; Spazi e strumenti digitali per le STEM \u2013 scuole innovative, cablaggio, nuovi ambienti di apprendimento e laboratori<\/h2>\n<hr \/>\n<p>&nbsp;<\/p>\n<p><strong><a href=\"https:\/\/www.cellinifirenze.edu.it\/wp-content\/uploads\/2024\/07\/PNRR-interventi-realizzati-1.pdf\">PROGETTO: Laboratorio di Robotica e Intelligenza Artificiale<\/a><\/strong><\/p>\n<p>Identificativo progetto: M4C1I3.2-STEM-P-2630<br \/>\nCUP: E19J21005190001<br \/>\nImporto finanziato: \u20ac 16.000,00<\/p>\n<p>&nbsp;<\/p>\n<hr \/>\n<p><strong>PROGETTO: Cellini.next<\/strong><\/p>\n<p>Codice meccanografico scuola\/ITS beneficiaria<br \/>\nFIIS00600X<br \/>\nDescrizione<br \/>\nTrasformazione di 25 aule didattiche in ambienti didattici innovativi. Si prevede la realizzazione di aule con funzionalit\u00e0 interattive. L&#8217;intervento prevede l&#8217;acquisizione dell&#8217;hardware necessario (dispositivi fissi e mobili, sistemi di proiezione e diffusione audio), nonch\u00e9 dei software per la didattica, la gestione dell&#8217;aula e il collegamento anche remoto. La rete locale LAN e WIFI &#8211; gi\u00e0 presente &#8211; sar\u00e0 migliorata laddove si renda necessario. L&#8217;intervento si inserisce nel quadro delle attivit\u00e0 per la digitalizzazione delle aule ed in particolare con gli interventi gi\u00e0 realizzati grazie ai PON xxxxxxx e xxxxxx. Le aule interessate rientreranno nelle seguenti categorie: aule didattiche per uso generale, aule speciali. E&#8217; prevista l&#8217;acquisizione di dispositivi e\/o software per la facilitazione della comunicazione con studenti affetti da disabilit\u00e0 sensoriali, e di software specifici per l&#8217;inclusione di studenti con bisogni educativi speciali (L. 104\/92, L. 170\/2010, altri BES). Si prevede l&#8217;acquisto di arredi laddove si rendano necessari, la realizzazione di piccoli lavori impiantistici e la tinteggiatura delle aule nei limiti delle risorse disponibili nel piano finanziario. L&#8217;istituto realizzer\u00e0 le misure di accompagnamento necessarie (addestramento all&#8217;uso dei software, formazione e help desk).<\/p>\n<p>Data di assunzione a bilancio<br \/>\n23\/03\/2023<\/p>\n<p>CUP<br \/>\nE14D22004440006<\/p>\n<h3>Allegati Cellini CLASS<\/h3>\n<p><a href=\"https:\/\/www.cellinifirenze.edu.it\/wp-content\/uploads\/2024\/11\/M_PI.AOOGABMI.REGISTRO-UFFICIALEU.0125321.23-09-2024.pdf\">Registro Ufficiale<\/a><\/p>\n<p><a href=\"https:\/\/www.cellinifirenze.edu.it\/wp-content\/uploads\/2024\/11\/HELGIHC6520-2024-04-08.pdf\">Certificazione Energy Star Helgi<\/a><\/p>\n<p><a href=\"https:\/\/www.cellinifirenze.edu.it\/wp-content\/uploads\/2024\/11\/FREZZA-CAM-ARREDI-Tavoli-e-scrivanie-POP.pdf\">Certificato Cam Frezza<\/a><\/p>\n<p><a href=\"https:\/\/www.cellinifirenze.edu.it\/wp-content\/uploads\/2024\/11\/Capitolato-Workstation-CAD-CAM.pdf\">Capitolato per WorkStation CAD\/CAM<\/a><\/p>\n<p><a href=\"https:\/\/www.cellinifirenze.edu.it\/wp-content\/uploads\/2024\/11\/Verbale-collaudo-Arredi-cig-A015D9E435-PNRR-next-classroom.pdf\">Verbale di collaudo arredi scolastici innovativi<\/a><\/p>\n<p><a href=\"https:\/\/www.cellinifirenze.edu.it\/wp-content\/uploads\/2024\/11\/Verbale-collaudo-Aule-Linguistiche-e-piccoli-gruppi.pdf\">Verbale collaudo Aule Linguistiche e piccoli gruppi<\/a><\/p>\n<p><a href=\"https:\/\/www.cellinifirenze.edu.it\/wp-content\/uploads\/2024\/11\/Verbale_collaudo_monitor_touch.pdf\">Verbale collaudo Monitor<\/a><\/p>\n<p>&nbsp;<\/p>\n<hr \/>\n<p>&nbsp;<\/p>\n<p>Piano nazionale di ripresa e resilienza (PNRR). Investimento M4C1I3.2 \u201cScuola 4.0: scuole innovative, cablaggio, nuovi ambienti di apprendimento e laboratori\u201d. Istruzioni operative prot. n. 107624 del 21 dicembre 2022.<br \/>\nAggiornamento del cronoprogramma procedurale.<\/p>\n<h3>Allegati Cellini LAB<\/h3>\n<p><a href=\"https:\/\/www.cellinifirenze.edu.it\/wp-content\/uploads\/2024\/11\/Estratto-Verbale-del-Collegio-del-140923-\u2013-DELIBERA-n11.pdf\">Estratto Verbale Collegio Docenti\u00a0\u00a0<\/a><\/p>\n<p><a href=\"https:\/\/www.cellinifirenze.edu.it\/wp-content\/uploads\/2024\/11\/Attestazione-cronoprogramma.pdf\">Attestazione cronoprogramma<\/a><\/p>\n<p><a href=\"https:\/\/www.cellinifirenze.edu.it\/wp-content\/uploads\/2024\/11\/CertificatoRegolareEsecuzione_Lab_A14_Comunicazioni_Digitali-signed.pdf\">Certificato di Regolare Esecuzione Lab A14<\/a><\/p>\n<p><a href=\"https:\/\/www.cellinifirenze.edu.it\/wp-content\/uploads\/2024\/11\/CertificatoRegolareEsecuzione_Lab_A16_Robotica_Automazione-signed.pdf\">CertificatoRegolareEsecuzione Lab A16<\/a><\/p>\n<p><a href=\"https:\/\/www.cellinifirenze.edu.it\/wp-content\/uploads\/2024\/11\/Verbale-collaudo-braccio-robotico-PNRR-cellini.labs_.pdf\">Verbale collaudo braccio robotico<\/a><\/p>\n<p><a href=\"https:\/\/www.cellinifirenze.edu.it\/wp-content\/uploads\/2024\/11\/PNRR-Scuola-4.0-Next-generagtion-LAB-Verbale-di-collaudo-Macchina-di-trazione.pdf\">Verbale Collaudo Macchina di trazione<\/a><\/p>\n<p><a href=\"https:\/\/www.cellinifirenze.edu.it\/wp-content\/uploads\/2024\/11\/Accordo-integrativo-per-i-pacchetti-SCE-Trainer.pdf\">Accordo integrativo per i pacchetti SCE Trainer<\/a><\/p>\n<p>&nbsp;<\/p>\n<hr \/>\n<p>&nbsp;<\/p>\n<p>PNRR CUP E11F23000200006 Avviso Pubblico \u201cMisura 1.4.1 ESPERIENZA DEL CITTADINO NEI SERVIZI PUBBLICI &#8211; SCUOLE (DICEMBRE 2022)\u201d &#8211; PNRR M1C1 Investimento 1.4 \u201cSERVIZI E CITTADINANZA DIGITALE\u201d<\/p>\n<h3>Sito web<\/h3>\n<p><a href=\"https:\/\/www.cellinifirenze.edu.it\/wp-content\/uploads\/2024\/11\/Assunzione-ufficio-RUP-sito-internet-signed.pdf\">Determina di assegnazione ufficio di RUP<\/a><\/p>\n<p><a href=\"https:\/\/www.cellinifirenze.edu.it\/wp-content\/uploads\/2024\/11\/Azione-di-informazione-disseminazione-e-pubblicita_-signed-1.pdf\">Azione di comunicazione, informazione, sensibilizzazione e pubblicit\u00e0 finanziamenti relativi al progetto<\/a><\/p>\n<p><a href=\"https:\/\/www.cellinifirenze.edu.it\/wp-content\/uploads\/2024\/11\/Decreto-di-finanziamento-Avviso-1.4.1-Scuole-dicembre-2022_FIN.-1_signed_signed.pdf\">Decreto di approvazione. Finestra temporale 1<\/a><\/p>\n<p><a href=\"https:\/\/www.cellinifirenze.edu.it\/wp-content\/uploads\/2024\/11\/Decreto-di-finanziamento-Avviso-1.4.1-scuole-dicembre-finestra-2.pdf\">Decreto di approvazione. Finestra temporale 2<\/a><\/p>\n<p><a href=\"https:\/\/www.cellinifirenze.edu.it\/wp-content\/uploads\/2024\/11\/Determina-individuazione-personalee-interno-signed.pdf\">Determina individuazione personale interno<\/a><\/p>\n<p><a href=\"https:\/\/www.cellinifirenze.edu.it\/wp-content\/uploads\/2024\/11\/Determina-soggetto-realizzatore-signed-signed.pdf\">Decreto di assunzione della qualit\u00e0 di soggetto realizzatore da parte dell&#8217;I.I.S. Benvenuto Cellini<\/a><\/p>\n<p><a href=\"https:\/\/www.cellinifirenze.edu.it\/wp-content\/uploads\/2024\/11\/DETTAGLIO_CUP_E11F23000200006.pdf\">CUP assegnato al progetto<\/a><\/p>\n<p><a href=\"https:\/\/www.cellinifirenze.edu.it\/wp-content\/uploads\/2024\/11\/Richiesta-finanziamento.pdf\">Domanda di erogazione del finanziamento<\/a><\/p>\n","protected":false},"excerpt":{"rendered":"<p>&nbsp; PNRR &#8211; Formazione del personale scolastico per la transizione digitale nelle scuole statali (D.M. 66\/2023) CUP E14D23004560006 Approvazione del piano di utilizzo delle risorse a costi indiretti del progetto Cellini.digit CUP E14D23004560006 e autorizzazione allo [&hellip;]<\/p>\n","protected":false},"author":13,"featured_media":131,"parent":0,"menu_order":0,"comment_status":"closed","ping_status":"closed","template":"","meta":{"footnotes":""},"tags":[345,356,358],"class_list":["post-435","page","type-page","status-publish","has-post-thumbnail","hentry","tag-formazione-docenti","tag-istituto","tag-laboratori"],"_links":{"self":[{"href":"https:\/\/www.cellinifirenze.edu.it\/index.php\/wp-json\/wp\/v2\/pages\/435","targetHints":{"allow":["GET"]}}],"collection":[{"href":"https:\/\/www.cellinifirenze.edu.it\/index.php\/wp-json\/wp\/v2\/pages"}],"about":[{"href":"https:\/\/www.cellinifirenze.edu.it\/index.php\/wp-json\/wp\/v2\/types\/page"}],"author":[{"embeddable":true,"href":"https:\/\/www.cellinifirenze.edu.it\/index.php\/wp-json\/wp\/v2\/users\/13"}],"replies":[{"embeddable":true,"href":"https:\/\/www.cellinifirenze.edu.it\/index.php\/wp-json\/wp\/v2\/comments?post=435"}],"version-history":[{"count":34,"href":"https:\/\/www.cellinifirenze.edu.it\/index.php\/wp-json\/wp\/v2\/pages\/435\/revisions"}],"predecessor-version":[{"id":1459,"href":"https:\/\/www.cellinifirenze.edu.it\/index.php\/wp-json\/wp\/v2\/pages\/435\/revisions\/1459"}],"wp:featuredmedia":[{"embeddable":true,"href":"https:\/\/www.cellinifirenze.edu.it\/index.php\/wp-json\/wp\/v2\/media\/131"}],"wp:attachment":[{"href":"https:\/\/www.cellinifirenze.edu.it\/index.php\/wp-json\/wp\/v2\/media?parent=435"}],"wp:term":[{"taxonomy":"post_tag","embeddable":true,"href":"https:\/\/www.cellinifirenze.edu.it\/index.php\/wp-json\/wp\/v2\/tags?post=435"}],"curies":[{"name":"wp","href":"https:\/\/api.w.org\/{rel}","templated":true}]}}