{"id":925,"date":"2024-09-30T06:19:12","date_gmt":"2024-09-30T06:19:12","guid":{"rendered":"https:\/\/www.cellinifirenze.edu.it\/?page_id=925"},"modified":"2024-09-30T06:19:12","modified_gmt":"2024-09-30T06:19:12","slug":"albo-online","status":"publish","type":"page","link":"https:\/\/www.cellinifirenze.edu.it\/index.php\/albo-online\/","title":{"rendered":"Albo online"},"content":{"rendered":"<h2 style=\"text-align: center;\">Albo online<\/h2>\n<p>Sezione dedicata all&#8217;Albo online dell&#8217;istituto, dove \u00e8 possibile consultare tutti i documenti ufficiali (avvisi, bandi, nomine, graduatorie etc) della scuola. La pubblicazione di atti all\u2019Albo on-line \u00e8 finalizzata a fornire presunzione di conoscenza legale degli stessi, a qualunque effetto giuridico specifico essa assolva (pubblicit\u00e0, notizia dichiarativa, costitutiva, integrativa dell\u2019efficacia, ecc.). Secondo l\u2019art. 32 della Legge 69\/2009, gli obblighi di pubblicazione di atti e provvedimenti amministrativi aventi effetto di pubblicit\u00e0 legale sono assolti con la pubblicazione nella sezione Albo del sito web istituzionale dell\u2019amministrazione. A decorrere dal 1\u00b0 gennaio 2011 non esistono altre modalit\u00e0 di conseguire le finalit\u00e0 di pubblicit\u00e0 degli atti della pubblica amministrazione e non viene riconosciuto alcun valore legale alle pubblicazioni su eventuali albi cartacei.<\/p>\n<p style=\"text-align: center;\"><a href=\"https:\/\/www.portaleargo.it\/albopretorio\/online\/#\/?customerCode=SG19313\"><strong>Vai al sito<\/strong><\/a><\/p>\n","protected":false},"excerpt":{"rendered":"<p>Albo online Sezione dedicata all&#8217;Albo online dell&#8217;istituto, dove \u00e8 possibile consultare tutti i documenti ufficiali (avvisi, bandi, nomine, graduatorie etc) della scuola. La pubblicazione di atti all\u2019Albo on-line \u00e8 finalizzata a fornire presunzione di conoscenza legale [&hellip;]<\/p>\n","protected":false},"author":13,"featured_media":870,"parent":0,"menu_order":0,"comment_status":"closed","ping_status":"closed","template":"","meta":{"footnotes":""},"tags":[319,356],"class_list":["post-925","page","type-page","status-publish","has-post-thumbnail","hentry","tag-albo","tag-istituto"],"_links":{"self":[{"href":"https:\/\/www.cellinifirenze.edu.it\/index.php\/wp-json\/wp\/v2\/pages\/925","targetHints":{"allow":["GET"]}}],"collection":[{"href":"https:\/\/www.cellinifirenze.edu.it\/index.php\/wp-json\/wp\/v2\/pages"}],"about":[{"href":"https:\/\/www.cellinifirenze.edu.it\/index.php\/wp-json\/wp\/v2\/types\/page"}],"author":[{"embeddable":true,"href":"https:\/\/www.cellinifirenze.edu.it\/index.php\/wp-json\/wp\/v2\/users\/13"}],"replies":[{"embeddable":true,"href":"https:\/\/www.cellinifirenze.edu.it\/index.php\/wp-json\/wp\/v2\/comments?post=925"}],"version-history":[{"count":2,"href":"https:\/\/www.cellinifirenze.edu.it\/index.php\/wp-json\/wp\/v2\/pages\/925\/revisions"}],"predecessor-version":[{"id":927,"href":"https:\/\/www.cellinifirenze.edu.it\/index.php\/wp-json\/wp\/v2\/pages\/925\/revisions\/927"}],"wp:featuredmedia":[{"embeddable":true,"href":"https:\/\/www.cellinifirenze.edu.it\/index.php\/wp-json\/wp\/v2\/media\/870"}],"wp:attachment":[{"href":"https:\/\/www.cellinifirenze.edu.it\/index.php\/wp-json\/wp\/v2\/media?parent=925"}],"wp:term":[{"taxonomy":"post_tag","embeddable":true,"href":"https:\/\/www.cellinifirenze.edu.it\/index.php\/wp-json\/wp\/v2\/tags?post=925"}],"curies":[{"name":"wp","href":"https:\/\/api.w.org\/{rel}","templated":true}]}}